{"id":14,"date":"2014-09-27T16:23:00","date_gmt":"2014-09-27T14:23:00","guid":{"rendered":"http:\/\/sm-ryf.rybnik.pl\/?page_id=14"},"modified":"2025-12-05T13:18:32","modified_gmt":"2025-12-05T12:18:32","slug":"akty-prawne","status":"publish","type":"page","link":"https:\/\/sm-ryf.rybnik.pl\/?page_id=14","title":{"rendered":"Akty Prawne"},"content":{"rendered":"<p><img decoding=\"async\" src=\"images\/pdf.jpg\" alt=\"\" \/><span style=\"color: #000080;\">1. S<\/span><a href=\"http:\/\/sm-ryf.rybnik.pl\/wp-content\/uploads\/2020\/06\/statut-SM-RYF.pdf\">tatut SM RYF<\/a><\/p>\n<p><a href=\"pliki\/Regulamin_organizacyjny.pdf\"><img decoding=\"async\" src=\"images\/pdf.jpg\" alt=\"\" \/>2. Regulamin organizacyjny<\/a><\/p>\n<p><a href=\"pliki\/Regulamin_zarzadu.pdf\"><img decoding=\"async\" src=\"images\/pdf.jpg\" alt=\"\" \/>3. Regulamin Zarz\u0105du<\/a><\/p>\n<p><a href=\"pliki\/Regulamin_Rady_Nadzorczej.pdf\"><img decoding=\"async\" src=\"images\/pdf.jpg\" alt=\"\" \/>4. Regulamin Rady Nadzorczej<\/a><\/p>\n<p><a href=\"pliki\/Regulamin_woda_i_scieki_w_budynkach.pdf\"><img decoding=\"async\" src=\"images\/pdf.jpg\" alt=\"\" \/>5. Regulamin woda i \u015bcieki w budynkach<\/a><\/p>\n<p><a href=\"pliki\/Regulamin_rozliczania_koszt\u00f3w_c_o.pdf\"><img decoding=\"async\" src=\"images\/pdf.jpg\" alt=\"\" \/> 6.<\/a><a href=\"http:\/\/sm-ryf.rybnik.pl\/wp-content\/uploads\/2023\/02\/Regulamin-rozliczania-koszt\u00f3w-c.o.-od-dnia-15.12.2022.pdf\">Regulamin rozliczania koszt\u00f3w c.o. od dnia 15.12.2022<\/a><\/p>\n<p><a href=\"pliki\/Regulamin_wymiany_okien.pdf\"><img decoding=\"async\" src=\"images\/pdf.jpg\" alt=\"\" \/>7. Regulamin wymiany okien<\/a><\/p>\n<p><a href=\"pliki\/Regulamin_obowiazkow.pdf\"><img decoding=\"async\" src=\"images\/pdf.jpg\" alt=\"\" \/>8. <\/a><a href=\"http:\/\/sm-ryf.rybnik.pl\/wp-content\/uploads\/2023\/04\/Regulamin-obowi\u0105zk\u00f3w-od-30.03.2023.pdf\">Regulamin obowi\u0105zk\u00f3w od 30.03.2023<\/a><\/p>\n<p><a href=\"pliki\/Regulamin_porzadku.pdf\"><img decoding=\"async\" src=\"images\/pdf.jpg\" alt=\"\" \/>9. Regulamin porz\u0105dku domowego<\/a><\/p>\n<p><a href=\"pliki\/Regulamin_wyboru_firm.pdf\"><img decoding=\"async\" src=\"images\/pdf.jpg\" alt=\"\" \/>10. Regulamin wyboru firm<\/a><\/p>\n<p><a href=\"pliki\/Regulamin_odbioru_robot_i_wykorzystania_materialu.pdf\"><img decoding=\"async\" src=\"images\/pdf.jpg\" alt=\"\" \/>11. Regulamin odbioru rob\u00f3t i wykorzystania materia\u0142u<\/a><\/p>\n<p><a href=\"pliki\/Regulamin_zasad_rozliczania_kosztow_GZM _oraz_ustalania_wysokosci_oplat.pdf\"><img decoding=\"async\" src=\"images\/pdf.jpg\" alt=\"\" \/>12. Regulamin zasad rozliczania koszt\u00f3w GZM oraz ustalania wysoko\u015bci op\u0142at<\/a><\/p>\n<p><a href=\"http:\/\/sm-ryf.rybnik.pl\/?attachment_id=241\" rel=\"attachment wp-att-241\">\u00a0\u00a0\u00a0\u00a0\u00a0 \u00a0 \u00a0 13. Regulamin funduszu na remonty zasob\u00f3w mieszkaniowych _2017<\/a><\/p>\n<p><a href=\"pliki\/Regulamin_przyjmowania_cz\u0142onkow_ustanawiania_praw_do_lokali.pdf\"><img decoding=\"async\" src=\"images\/pdf.jpg\" alt=\"\" \/>14. Regulamin przyjmowania cz\u0142onk\u00f3w, ustanawiania praw do lokali i zamiany mieszka\u0144<\/a><\/p>\n<p><a href=\"pliki\/Regulamin_ustalania_wysokosci_wkladow_budowlanych_i_mieszkaniowych.pdf\"><img decoding=\"async\" src=\"images\/pdf.jpg\" alt=\"\" \/>15. Regulamin ustalania wysoko\u015bci wk\u0142ad\u00f3w budowlanych i mieszkaniowych<\/a><\/p>\n<p><a href=\"pliki\/Regulamin_obliczania_powierzchni_uzytkowej_lokali.pdf\"><img decoding=\"async\" src=\"images\/pdf.jpg\" alt=\"\" \/>16. Regulamin obliczania powierzchni u\u017cytkowej lokali<\/a><\/p>\n<p><a href=\"pliki\/Regulamin_obrad_WZ.pdf\"><img decoding=\"async\" src=\"images\/pdf.jpg\" alt=\"\" \/>17.\u00a0<\/a><a href=\"http:\/\/sm-ryf.rybnik.pl\/wp-content\/uploads\/2019\/05\/Regulamin-WZ-og\u00f3lny.pdf\">Regulamin WZ og\u00f3lny<\/a><\/p>\n<p><!--more-->\u00a0 \u00a0 \u00a0 \u00a0 \u00a0\u00a0<a href=\"http:\/\/sm-ryf.rybnik.pl\/wp-content\/uploads\/2025\/12\/Regulamin-zasad-wjazdu-na-nieruchomo\u015bci-oraz-zasad-korzystania-z-miejsc-parkingowych-SM-RYF-w-Rybniku-obowi\u0105zuje-od-25.11.2025-r..pdf\">18. Regulamin zasad wjazdu na nieruchomo\u015bci oraz zasad korzystania z miejsc parkingowych\u00a0 \u00a0 \u00a0 \u00a0 \u00a0 \u00a0 \u00a0 \u00a0 \u00a0 \u00a0SM RYF w Rybniku obowi\u0105zuje od 25.11.2025 r.<\/a><\/p>\n<p><a href=\"pliki\/Ustawa_z_dnia_15_grudnia_2000r._o_spoldzielniach_mieszkaniowych.pdf\"><img decoding=\"async\" src=\"images\/pdf.jpg\" alt=\"\" \/> Ustawa z dnia 15 grudnia 2000 r.o sp\u00f3\u0142dzielniach mieszkaniowych<\/a><\/p>\n<p><a href=\"pliki\/Ustawa_z_dnia_16_wrze\u015bnia_1982r.Prawo_spoldzielcze.pdf\"><img decoding=\"async\" src=\"images\/pdf.jpg\" alt=\"\" \/> Ustawa z dnia 16 wrze\u015bnia 1982 r.Prawo sp\u00f3\u0142dzielcze<\/a><\/p>\n","protected":false},"excerpt":{"rendered":"<p>1. Statut SM RYF 2. Regulamin organizacyjny 3. Regulamin Zarz\u0105du 4. Regulamin Rady Nadzorczej 5. Regulamin woda i \u015bcieki w budynkach 6.Regulamin rozliczania koszt\u00f3w c.o. od dnia 15.12.2022 7. Regulamin wymiany okien 8. Regulamin obowi\u0105zk\u00f3w od 30.03.2023 9. Regulamin porz\u0105dku domowego 10. Regulamin wyboru firm 11. Regulamin odbioru rob\u00f3t i wykorzystania materia\u0142u 12. Regulamin zasad [&hellip;]<\/p>\n","protected":false},"author":1,"featured_media":0,"parent":0,"menu_order":0,"comment_status":"closed","ping_status":"closed","template":"","meta":{"footnotes":""},"class_list":["post-14","page","type-page","status-publish","hentry"],"_links":{"self":[{"href":"https:\/\/sm-ryf.rybnik.pl\/index.php?rest_route=\/wp\/v2\/pages\/14","targetHints":{"allow":["GET"]}}],"collection":[{"href":"https:\/\/sm-ryf.rybnik.pl\/index.php?rest_route=\/wp\/v2\/pages"}],"about":[{"href":"https:\/\/sm-ryf.rybnik.pl\/index.php?rest_route=\/wp\/v2\/types\/page"}],"author":[{"embeddable":true,"href":"https:\/\/sm-ryf.rybnik.pl\/index.php?rest_route=\/wp\/v2\/users\/1"}],"replies":[{"embeddable":true,"href":"https:\/\/sm-ryf.rybnik.pl\/index.php?rest_route=%2Fwp%2Fv2%2Fcomments&post=14"}],"version-history":[{"count":21,"href":"https:\/\/sm-ryf.rybnik.pl\/index.php?rest_route=\/wp\/v2\/pages\/14\/revisions"}],"predecessor-version":[{"id":573,"href":"https:\/\/sm-ryf.rybnik.pl\/index.php?rest_route=\/wp\/v2\/pages\/14\/revisions\/573"}],"wp:attachment":[{"href":"https:\/\/sm-ryf.rybnik.pl\/index.php?rest_route=%2Fwp%2Fv2%2Fmedia&parent=14"}],"curies":[{"name":"wp","href":"https:\/\/api.w.org\/{rel}","templated":true}]}}